{"id":5588,"date":"2025-09-16T11:30:33","date_gmt":"2025-09-16T14:30:33","guid":{"rendered":"https:\/\/museutronco.cchla.ufrn.br\/?page_id=5588"},"modified":"2025-10-04T14:50:48","modified_gmt":"2025-10-04T17:50:48","slug":"saberes-sustentaveis-midias-2","status":"publish","type":"page","link":"https:\/\/museutronco.cchla.ufrn.br\/?page_id=5588","title":{"rendered":"Saberes Sustent\u00e1veis  &#8211;  M\u00eddias"},"content":{"rendered":"\t\t<div data-elementor-type=\"wp-page\" data-elementor-id=\"5588\" class=\"elementor elementor-5588\">\n\t\t\t\t\t\t\t<div class=\"elementor-element elementor-element-4114a15 e-flex e-con-boxed e-con e-parent\" data-id=\"4114a15\" data-element_type=\"container\" data-settings=\"{&quot;content_width&quot;:&quot;boxed&quot;}\" data-core-v316-plus=\"true\">\n\t\t\t\t\t<div class=\"e-con-inner\">\n\t\t<div class=\"elementor-element elementor-element-3e19be1 e-con-full e-flex e-con e-child\" data-id=\"3e19be1\" data-element_type=\"container\" data-settings=\"{&quot;content_width&quot;:&quot;full&quot;}\">\n\t\t\t\t<div class=\"elementor-element elementor-element-c10dac0 elementor-widget__width-initial elementor-widget elementor-widget-image\" data-id=\"c10dac0\" data-element_type=\"widget\" data-widget_type=\"image.default\">\n\t\t\t\t<div class=\"elementor-widget-container\">\n\t\t\t<style>\/*! elementor - v3.16.0 - 20-09-2023 *\/\n.elementor-widget-image{text-align:center}.elementor-widget-image a{display:inline-block}.elementor-widget-image a img[src$=\".svg\"]{width:48px}.elementor-widget-image img{vertical-align:middle;display:inline-block}<\/style>\t\t\t\t\t\t\t\t\t\t\t\t<img decoding=\"async\" loading=\"lazy\" width=\"768\" height=\"361\" src=\"https:\/\/museutronco.cchla.ufrn.br\/wp-content\/uploads\/2025\/08\/logosaberes-08-768x361.png\" class=\"attachment-medium_large size-medium_large wp-image-4960\" alt=\"\" srcset=\"https:\/\/museutronco.cchla.ufrn.br\/wp-content\/uploads\/2025\/08\/logosaberes-08-768x361.png 768w, https:\/\/museutronco.cchla.ufrn.br\/wp-content\/uploads\/2025\/08\/logosaberes-08-300x141.png 300w, https:\/\/museutronco.cchla.ufrn.br\/wp-content\/uploads\/2025\/08\/logosaberes-08-1024x481.png 1024w, https:\/\/museutronco.cchla.ufrn.br\/wp-content\/uploads\/2025\/08\/logosaberes-08-1536x722.png 1536w, https:\/\/museutronco.cchla.ufrn.br\/wp-content\/uploads\/2025\/08\/logosaberes-08-2048x963.png 2048w, https:\/\/museutronco.cchla.ufrn.br\/wp-content\/uploads\/2025\/08\/logosaberes-08-600x282.png 600w, https:\/\/museutronco.cchla.ufrn.br\/wp-content\/uploads\/2025\/08\/logosaberes-08-205x96.png 205w, https:\/\/museutronco.cchla.ufrn.br\/wp-content\/uploads\/2025\/08\/logosaberes-08-480x226.png 480w\" sizes=\"(max-width: 768px) 100vw, 768px\" \/>\t\t\t\t\t\t\t\t\t\t\t\t\t\t\t<\/div>\n\t\t\t\t<\/div>\n\t\t\t\t<\/div>\n\t\t<div class=\"elementor-element elementor-element-46cf467 e-con-full e-flex e-con e-child\" data-id=\"46cf467\" data-element_type=\"container\" data-settings=\"{&quot;content_width&quot;:&quot;full&quot;}\">\n\t\t<div class=\"elementor-element elementor-element-928a33e e-con-full e-flex e-con e-child\" data-id=\"928a33e\" data-element_type=\"container\" data-settings=\"{&quot;content_width&quot;:&quot;full&quot;}\">\n\t\t\t\t<div class=\"elementor-element elementor-element-72fb04a elementor-align-center elementor-widget__width-initial elementor-widget elementor-widget-button\" data-id=\"72fb04a\" data-element_type=\"widget\" data-widget_type=\"button.default\">\n\t\t\t\t<div class=\"elementor-widget-container\">\n\t\t\t\t\t<div class=\"elementor-button-wrapper\">\n\t\t\t<a class=\"elementor-button elementor-button-link elementor-size-sm elementor-animation-float\" href=\"https:\/\/museutronco.cchla.ufrn.br\/?page_id=4953\/\">\n\t\t\t\t\t\t<span class=\"elementor-button-content-wrapper\">\n\t\t\t\t\t\t<span class=\"elementor-button-text\">Home<\/span>\n\t\t<\/span>\n\t\t\t\t\t<\/a>\n\t\t<\/div>\n\t\t\t\t<\/div>\n\t\t\t\t<\/div>\n\t\t\t\t<div class=\"elementor-element elementor-element-4abc7c8 elementor-align-center elementor-widget__width-initial elementor-widget elementor-widget-button\" data-id=\"4abc7c8\" data-element_type=\"widget\" data-widget_type=\"button.default\">\n\t\t\t\t<div class=\"elementor-widget-container\">\n\t\t\t\t\t<div class=\"elementor-button-wrapper\">\n\t\t\t<a class=\"elementor-button elementor-button-link elementor-size-sm elementor-animation-float\" href=\"https:\/\/museutronco.cchla.ufrn.br\/?page_id=4953\/#saberes\">\n\t\t\t\t\t\t<span class=\"elementor-button-content-wrapper\">\n\t\t\t\t\t\t<span class=\"elementor-button-text\">Os Saberes<\/span>\n\t\t<\/span>\n\t\t\t\t\t<\/a>\n\t\t<\/div>\n\t\t\t\t<\/div>\n\t\t\t\t<\/div>\n\t\t\t\t<div class=\"elementor-element elementor-element-15fe699 elementor-align-center elementor-widget__width-initial elementor-widget elementor-widget-button\" data-id=\"15fe699\" data-element_type=\"widget\" data-widget_type=\"button.default\">\n\t\t\t\t<div class=\"elementor-widget-container\">\n\t\t\t\t\t<div class=\"elementor-button-wrapper\">\n\t\t\t<a class=\"elementor-button elementor-button-link elementor-size-sm elementor-animation-float\" href=\"#\">\n\t\t\t\t\t\t<span class=\"elementor-button-content-wrapper\">\n\t\t\t\t\t\t<span class=\"elementor-button-text\">M\u00eddias<\/span>\n\t\t<\/span>\n\t\t\t\t\t<\/a>\n\t\t<\/div>\n\t\t\t\t<\/div>\n\t\t\t\t<\/div>\n\t\t\t\t<div class=\"elementor-element elementor-element-a13f2b7 elementor-align-center elementor-widget__width-initial elementor-widget elementor-widget-button\" data-id=\"a13f2b7\" data-element_type=\"widget\" data-widget_type=\"button.default\">\n\t\t\t\t<div class=\"elementor-widget-container\">\n\t\t\t\t\t<div class=\"elementor-button-wrapper\">\n\t\t\t<a class=\"elementor-button elementor-button-link elementor-size-sm elementor-animation-float\" href=\"https:\/\/museutronco.cchla.ufrn.br\/\" target=\"_blank\">\n\t\t\t\t\t\t<span class=\"elementor-button-content-wrapper\">\n\t\t\t\t\t\t<span class=\"elementor-button-text\">Museu Tronco<\/span>\n\t\t<\/span>\n\t\t\t\t\t<\/a>\n\t\t<\/div>\n\t\t\t\t<\/div>\n\t\t\t\t<\/div>\n\t\t\t\t<\/div>\n\t\t\t\t<\/div>\n\t\t\t\t\t<\/div>\n\t\t\t\t<\/div>\n\t\t<div class=\"elementor-element elementor-element-969a3e2 e-flex e-con-boxed e-con e-parent\" data-id=\"969a3e2\" data-element_type=\"container\" data-settings=\"{&quot;background_background&quot;:&quot;classic&quot;,&quot;content_width&quot;:&quot;boxed&quot;}\" data-core-v316-plus=\"true\">\n\t\t\t\t\t<div class=\"e-con-inner\">\n\t\t<div class=\"elementor-element elementor-element-0666f39 e-con-full e-transform e-flex e-con e-child\" data-id=\"0666f39\" data-element_type=\"container\" data-settings=\"{&quot;content_width&quot;:&quot;full&quot;,&quot;background_background&quot;:&quot;classic&quot;,&quot;_transform_translateX_effect_hover&quot;:{&quot;unit&quot;:&quot;px&quot;,&quot;size&quot;:0,&quot;sizes&quot;:[]},&quot;_transform_translateY_effect_hover&quot;:{&quot;unit&quot;:&quot;px&quot;,&quot;size&quot;:-4,&quot;sizes&quot;:[]},&quot;_transform_translateX_effect_hover_tablet&quot;:{&quot;unit&quot;:&quot;px&quot;,&quot;size&quot;:&quot;&quot;,&quot;sizes&quot;:[]},&quot;_transform_translateX_effect_hover_mobile&quot;:{&quot;unit&quot;:&quot;px&quot;,&quot;size&quot;:&quot;&quot;,&quot;sizes&quot;:[]},&quot;_transform_translateY_effect_hover_tablet&quot;:{&quot;unit&quot;:&quot;px&quot;,&quot;size&quot;:&quot;&quot;,&quot;sizes&quot;:[]},&quot;_transform_translateY_effect_hover_mobile&quot;:{&quot;unit&quot;:&quot;px&quot;,&quot;size&quot;:&quot;&quot;,&quot;sizes&quot;:[]}}\">\n\t\t\t\t<div class=\"elementor-element elementor-element-19ca1ae elementor-widget-mobile__width-initial elementor-view-default elementor-widget elementor-widget-icon\" data-id=\"19ca1ae\" data-element_type=\"widget\" data-widget_type=\"icon.default\">\n\t\t\t\t<div class=\"elementor-widget-container\">\n\t\t\t\t\t<div class=\"elementor-icon-wrapper\">\n\t\t\t<a class=\"elementor-icon\" href=\"https:\/\/museutronco.cchla.ufrn.br\/?page_id=5440\">\n\t\t\t<i aria-hidden=\"true\" class=\"fas fa-music\"><\/i>\t\t\t<\/a>\n\t\t<\/div>\n\t\t\t\t<\/div>\n\t\t\t\t<\/div>\n\t\t\t\t<div class=\"elementor-element elementor-element-511559e elementor-widget__width-initial elementor-widget elementor-widget-heading\" data-id=\"511559e\" data-element_type=\"widget\" data-widget_type=\"heading.default\">\n\t\t\t\t<div class=\"elementor-widget-container\">\n\t\t\t<style>\/*! elementor - v3.16.0 - 20-09-2023 *\/\n.elementor-heading-title{padding:0;margin:0;line-height:1}.elementor-widget-heading .elementor-heading-title[class*=elementor-size-]>a{color:inherit;font-size:inherit;line-height:inherit}.elementor-widget-heading .elementor-heading-title.elementor-size-small{font-size:15px}.elementor-widget-heading .elementor-heading-title.elementor-size-medium{font-size:19px}.elementor-widget-heading .elementor-heading-title.elementor-size-large{font-size:29px}.elementor-widget-heading .elementor-heading-title.elementor-size-xl{font-size:39px}.elementor-widget-heading .elementor-heading-title.elementor-size-xxl{font-size:59px}<\/style><h2 class=\"elementor-heading-title elementor-size-default\"><a href=\"https:\/\/museutronco.cchla.ufrn.br\/?page_id=5440\">Fonogramas<\/a><\/h2>\t\t<\/div>\n\t\t\t\t<\/div>\n\t\t\t\t<\/div>\n\t\t<div class=\"elementor-element elementor-element-a74b3d2 e-con-full e-transform e-flex e-con e-child\" data-id=\"a74b3d2\" data-element_type=\"container\" data-settings=\"{&quot;content_width&quot;:&quot;full&quot;,&quot;background_background&quot;:&quot;classic&quot;,&quot;_transform_translateY_effect_hover&quot;:{&quot;unit&quot;:&quot;px&quot;,&quot;size&quot;:-4,&quot;sizes&quot;:[]},&quot;_transform_translateX_effect_hover&quot;:{&quot;unit&quot;:&quot;px&quot;,&quot;size&quot;:&quot;&quot;,&quot;sizes&quot;:[]},&quot;_transform_translateX_effect_hover_tablet&quot;:{&quot;unit&quot;:&quot;px&quot;,&quot;size&quot;:&quot;&quot;,&quot;sizes&quot;:[]},&quot;_transform_translateX_effect_hover_mobile&quot;:{&quot;unit&quot;:&quot;px&quot;,&quot;size&quot;:&quot;&quot;,&quot;sizes&quot;:[]},&quot;_transform_translateY_effect_hover_tablet&quot;:{&quot;unit&quot;:&quot;px&quot;,&quot;size&quot;:&quot;&quot;,&quot;sizes&quot;:[]},&quot;_transform_translateY_effect_hover_mobile&quot;:{&quot;unit&quot;:&quot;px&quot;,&quot;size&quot;:&quot;&quot;,&quot;sizes&quot;:[]}}\">\n\t\t\t\t<div class=\"elementor-element elementor-element-15ed5e3 elementor-widget__width-initial elementor-view-default elementor-widget elementor-widget-icon\" data-id=\"15ed5e3\" data-element_type=\"widget\" data-widget_type=\"icon.default\">\n\t\t\t\t<div class=\"elementor-widget-container\">\n\t\t\t\t\t<div class=\"elementor-icon-wrapper\">\n\t\t\t<a class=\"elementor-icon\" href=\"https:\/\/museutronco.cchla.ufrn.br\/?page_id=5634#\">\n\t\t\t<i aria-hidden=\"true\" class=\"far fa-images\"><\/i>\t\t\t<\/a>\n\t\t<\/div>\n\t\t\t\t<\/div>\n\t\t\t\t<\/div>\n\t\t\t\t<div class=\"elementor-element elementor-element-959f245 elementor-widget__width-initial elementor-widget elementor-widget-heading\" data-id=\"959f245\" data-element_type=\"widget\" data-widget_type=\"heading.default\">\n\t\t\t\t<div class=\"elementor-widget-container\">\n\t\t\t<h2 class=\"elementor-heading-title elementor-size-default\"><a href=\"https:\/\/museutronco.cchla.ufrn.br\/?page_id=5634#\">Fotos<\/a><\/h2>\t\t<\/div>\n\t\t\t\t<\/div>\n\t\t\t\t<\/div>\n\t\t<div class=\"elementor-element elementor-element-efcea4a e-con-full e-transform e-flex e-con e-child\" data-id=\"efcea4a\" data-element_type=\"container\" data-settings=\"{&quot;content_width&quot;:&quot;full&quot;,&quot;background_background&quot;:&quot;classic&quot;,&quot;_transform_translateY_effect_hover&quot;:{&quot;unit&quot;:&quot;px&quot;,&quot;size&quot;:-4,&quot;sizes&quot;:[]},&quot;_transform_translateX_effect_hover&quot;:{&quot;unit&quot;:&quot;px&quot;,&quot;size&quot;:&quot;&quot;,&quot;sizes&quot;:[]},&quot;_transform_translateX_effect_hover_tablet&quot;:{&quot;unit&quot;:&quot;px&quot;,&quot;size&quot;:&quot;&quot;,&quot;sizes&quot;:[]},&quot;_transform_translateX_effect_hover_mobile&quot;:{&quot;unit&quot;:&quot;px&quot;,&quot;size&quot;:&quot;&quot;,&quot;sizes&quot;:[]},&quot;_transform_translateY_effect_hover_tablet&quot;:{&quot;unit&quot;:&quot;px&quot;,&quot;size&quot;:&quot;&quot;,&quot;sizes&quot;:[]},&quot;_transform_translateY_effect_hover_mobile&quot;:{&quot;unit&quot;:&quot;px&quot;,&quot;size&quot;:&quot;&quot;,&quot;sizes&quot;:[]}}\">\n\t\t\t\t<div class=\"elementor-element elementor-element-38c68fb elementor-widget__width-initial elementor-view-default elementor-widget elementor-widget-icon\" data-id=\"38c68fb\" data-element_type=\"widget\" data-widget_type=\"icon.default\">\n\t\t\t\t<div class=\"elementor-widget-container\">\n\t\t\t\t\t<div class=\"elementor-icon-wrapper\">\n\t\t\t<a class=\"elementor-icon\" href=\"https:\/\/museutronco.cchla.ufrn.br\/?page_id=5605#\">\n\t\t\t<i aria-hidden=\"true\" class=\"fas fa-video\"><\/i>\t\t\t<\/a>\n\t\t<\/div>\n\t\t\t\t<\/div>\n\t\t\t\t<\/div>\n\t\t\t\t<div class=\"elementor-element elementor-element-4a11bd3 elementor-widget__width-initial elementor-widget elementor-widget-heading\" data-id=\"4a11bd3\" data-element_type=\"widget\" data-widget_type=\"heading.default\">\n\t\t\t\t<div class=\"elementor-widget-container\">\n\t\t\t<h2 class=\"elementor-heading-title elementor-size-default\"><a href=\"https:\/\/museutronco.cchla.ufrn.br\/?page_id=5605#\">Videoteca<\/a><\/h2>\t\t<\/div>\n\t\t\t\t<\/div>\n\t\t\t\t<\/div>\n\t\t\t\t\t<\/div>\n\t\t\t\t<\/div>\n\t\t<div class=\"elementor-element elementor-element-48c6e40 e-flex e-con-boxed e-con e-parent\" data-id=\"48c6e40\" data-element_type=\"container\" data-settings=\"{&quot;background_background&quot;:&quot;classic&quot;,&quot;content_width&quot;:&quot;boxed&quot;}\" data-core-v316-plus=\"true\">\n\t\t\t\t\t<div class=\"e-con-inner\">\n\t\t<div class=\"elementor-element elementor-element-4dbb807 e-con-full e-flex e-con e-child\" data-id=\"4dbb807\" data-element_type=\"container\" data-settings=\"{&quot;content_width&quot;:&quot;full&quot;}\">\n\t\t\t\t<div class=\"elementor-element elementor-element-df635a9 elementor-widget__width-initial elementor-widget elementor-widget-image\" data-id=\"df635a9\" data-element_type=\"widget\" data-widget_type=\"image.default\">\n\t\t\t\t<div class=\"elementor-widget-container\">\n\t\t\t\t\t\t\t\t\t\t\t\t\t\t\t<img decoding=\"async\" loading=\"lazy\" width=\"1024\" height=\"328\" src=\"https:\/\/museutronco.cchla.ufrn.br\/wp-content\/uploads\/2025\/08\/ufrn-logo-1-1024x328.png\" class=\"attachment-large size-large wp-image-5036\" alt=\"\" srcset=\"https:\/\/museutronco.cchla.ufrn.br\/wp-content\/uploads\/2025\/08\/ufrn-logo-1-1024x328.png 1024w, https:\/\/museutronco.cchla.ufrn.br\/wp-content\/uploads\/2025\/08\/ufrn-logo-1-300x96.png 300w, https:\/\/museutronco.cchla.ufrn.br\/wp-content\/uploads\/2025\/08\/ufrn-logo-1-768x246.png 768w, https:\/\/museutronco.cchla.ufrn.br\/wp-content\/uploads\/2025\/08\/ufrn-logo-1-1536x492.png 1536w, https:\/\/museutronco.cchla.ufrn.br\/wp-content\/uploads\/2025\/08\/ufrn-logo-1-2048x655.png 2048w, https:\/\/museutronco.cchla.ufrn.br\/wp-content\/uploads\/2025\/08\/ufrn-logo-1-600x192.png 600w, https:\/\/museutronco.cchla.ufrn.br\/wp-content\/uploads\/2025\/08\/ufrn-logo-1-205x66.png 205w, https:\/\/museutronco.cchla.ufrn.br\/wp-content\/uploads\/2025\/08\/ufrn-logo-1-480x154.png 480w\" sizes=\"(max-width: 1024px) 100vw, 1024px\" \/>\t\t\t\t\t\t\t\t\t\t\t\t\t\t\t<\/div>\n\t\t\t\t<\/div>\n\t\t\t\t<div class=\"elementor-element elementor-element-85e1cc5 elementor-widget__width-initial elementor-widget elementor-widget-image\" data-id=\"85e1cc5\" data-element_type=\"widget\" data-widget_type=\"image.default\">\n\t\t\t\t<div class=\"elementor-widget-container\">\n\t\t\t\t\t\t\t\t\t\t\t\t\t\t\t<img decoding=\"async\" loading=\"lazy\" width=\"833\" height=\"1024\" src=\"https:\/\/museutronco.cchla.ufrn.br\/wp-content\/uploads\/2025\/08\/LOGOCIRS-833x1024.png\" class=\"attachment-large size-large wp-image-5034\" alt=\"\" srcset=\"https:\/\/museutronco.cchla.ufrn.br\/wp-content\/uploads\/2025\/08\/LOGOCIRS-833x1024.png 833w, https:\/\/museutronco.cchla.ufrn.br\/wp-content\/uploads\/2025\/08\/LOGOCIRS-244x300.png 244w, https:\/\/museutronco.cchla.ufrn.br\/wp-content\/uploads\/2025\/08\/LOGOCIRS-768x945.png 768w, https:\/\/museutronco.cchla.ufrn.br\/wp-content\/uploads\/2025\/08\/LOGOCIRS-1249x1536.png 1249w, https:\/\/museutronco.cchla.ufrn.br\/wp-content\/uploads\/2025\/08\/LOGOCIRS-1665x2048.png 1665w, https:\/\/museutronco.cchla.ufrn.br\/wp-content\/uploads\/2025\/08\/LOGOCIRS-600x738.png 600w, https:\/\/museutronco.cchla.ufrn.br\/wp-content\/uploads\/2025\/08\/LOGOCIRS-205x252.png 205w, https:\/\/museutronco.cchla.ufrn.br\/wp-content\/uploads\/2025\/08\/LOGOCIRS-480x590.png 480w, https:\/\/museutronco.cchla.ufrn.br\/wp-content\/uploads\/2025\/08\/LOGOCIRS.png 1822w\" sizes=\"(max-width: 833px) 100vw, 833px\" \/>\t\t\t\t\t\t\t\t\t\t\t\t\t\t\t<\/div>\n\t\t\t\t<\/div>\n\t\t\t\t<div class=\"elementor-element elementor-element-6244ab2 elementor-widget__width-initial elementor-widget elementor-widget-image\" data-id=\"6244ab2\" data-element_type=\"widget\" data-widget_type=\"image.default\">\n\t\t\t\t<div class=\"elementor-widget-container\">\n\t\t\t\t\t\t\t\t\t\t\t\t\t\t\t<img decoding=\"async\" loading=\"lazy\" width=\"200\" height=\"94\" src=\"https:\/\/museutronco.cchla.ufrn.br\/wp-content\/uploads\/2025\/09\/PPGASLOGOp.png\" class=\"attachment-large size-large wp-image-6107\" alt=\"\" \/>\t\t\t\t\t\t\t\t\t\t\t\t\t\t\t<\/div>\n\t\t\t\t<\/div>\n\t\t\t\t<div class=\"elementor-element elementor-element-1c6920e elementor-widget-mobile__width-initial elementor-widget elementor-widget-image\" data-id=\"1c6920e\" data-element_type=\"widget\" data-widget_type=\"image.default\">\n\t\t\t\t<div class=\"elementor-widget-container\">\n\t\t\t\t\t\t\t\t\t\t\t\t\t\t\t<img decoding=\"async\" loading=\"lazy\" width=\"197\" height=\"90\" src=\"https:\/\/museutronco.cchla.ufrn.br\/wp-content\/uploads\/2025\/08\/Funpec.png\" class=\"attachment-large size-large wp-image-5033\" alt=\"\" \/>\t\t\t\t\t\t\t\t\t\t\t\t\t\t\t<\/div>\n\t\t\t\t<\/div>\n\t\t\t\t<div class=\"elementor-element elementor-element-4270e65 elementor-widget__width-initial elementor-widget elementor-widget-image\" data-id=\"4270e65\" data-element_type=\"widget\" data-widget_type=\"image.default\">\n\t\t\t\t<div class=\"elementor-widget-container\">\n\t\t\t\t\t\t\t\t\t\t\t\t\t\t\t<img decoding=\"async\" loading=\"lazy\" width=\"506\" height=\"231\" src=\"https:\/\/museutronco.cchla.ufrn.br\/wp-content\/uploads\/2025\/09\/cropped-logosite-1.png\" class=\"attachment-large size-large wp-image-5821\" alt=\"\" srcset=\"https:\/\/museutronco.cchla.ufrn.br\/wp-content\/uploads\/2025\/09\/cropped-logosite-1.png 506w, https:\/\/museutronco.cchla.ufrn.br\/wp-content\/uploads\/2025\/09\/cropped-logosite-1-300x137.png 300w, https:\/\/museutronco.cchla.ufrn.br\/wp-content\/uploads\/2025\/09\/cropped-logosite-1-205x94.png 205w, https:\/\/museutronco.cchla.ufrn.br\/wp-content\/uploads\/2025\/09\/cropped-logosite-1-480x219.png 480w\" sizes=\"(max-width: 506px) 100vw, 506px\" \/>\t\t\t\t\t\t\t\t\t\t\t\t\t\t\t<\/div>\n\t\t\t\t<\/div>\n\t\t\t\t<\/div>\n\t\t<div class=\"elementor-element elementor-element-5ebfa2b e-con-full e-flex e-con e-child\" data-id=\"5ebfa2b\" data-element_type=\"container\" data-settings=\"{&quot;content_width&quot;:&quot;full&quot;}\">\n\t\t\t\t<div class=\"elementor-element elementor-element-c759631 elementor-widget elementor-widget-heading\" data-id=\"c759631\" data-element_type=\"widget\" data-widget_type=\"heading.default\">\n\t\t\t\t<div class=\"elementor-widget-container\">\n\t\t\t<h2 class=\"elementor-heading-title elementor-size-default\">Contato:<\/h2>\t\t<\/div>\n\t\t\t\t<\/div>\n\t\t\t\t<div class=\"elementor-element elementor-element-020876d elementor-widget elementor-widget-text-editor\" data-id=\"020876d\" data-element_type=\"widget\" data-widget_type=\"text-editor.default\">\n\t\t\t\t<div class=\"elementor-widget-container\">\n\t\t\t<style>\/*! elementor - v3.16.0 - 20-09-2023 *\/\n.elementor-widget-text-editor.elementor-drop-cap-view-stacked .elementor-drop-cap{background-color:#69727d;color:#fff}.elementor-widget-text-editor.elementor-drop-cap-view-framed .elementor-drop-cap{color:#69727d;border:3px solid;background-color:transparent}.elementor-widget-text-editor:not(.elementor-drop-cap-view-default) .elementor-drop-cap{margin-top:8px}.elementor-widget-text-editor:not(.elementor-drop-cap-view-default) .elementor-drop-cap-letter{width:1em;height:1em}.elementor-widget-text-editor .elementor-drop-cap{float:left;text-align:center;line-height:1;font-size:50px}.elementor-widget-text-editor .elementor-drop-cap-letter{display:inline-block}<\/style>\t\t\t\t<p>(84) 9 9123 6144<\/p>\t\t\t\t\t\t<\/div>\n\t\t\t\t<\/div>\n\t\t\t\t<div class=\"elementor-element elementor-element-eb1e072 elementor-widget elementor-widget-text-editor\" data-id=\"eb1e072\" data-element_type=\"widget\" data-widget_type=\"text-editor.default\">\n\t\t\t\t<div class=\"elementor-widget-container\">\n\t\t\t\t\t\t\t<p><span class=\"elementor-icon-list-text\">\u00a0cirsufrn@gmail.com<\/span><\/p>\t\t\t\t\t\t<\/div>\n\t\t\t\t<\/div>\n\t\t\t\t<div class=\"elementor-element elementor-element-e4dc04f elementor-align-left elementor-widget__width-initial elementor-widget elementor-widget-button\" data-id=\"e4dc04f\" data-element_type=\"widget\" data-widget_type=\"button.default\">\n\t\t\t\t<div class=\"elementor-widget-container\">\n\t\t\t\t\t<div class=\"elementor-button-wrapper\">\n\t\t\t<a class=\"elementor-button elementor-button-link elementor-size-sm elementor-animation-float\" href=\"http:\/\/instagram.com\/saberes_sustentaveis\" target=\"_blank\">\n\t\t\t\t\t\t<span class=\"elementor-button-content-wrapper\">\n\t\t\t\t\t\t<span class=\"elementor-button-text\">instagram.com\/saberes_sustentaveis<\/span>\n\t\t<\/span>\n\t\t\t\t\t<\/a>\n\t\t<\/div>\n\t\t\t\t<\/div>\n\t\t\t\t<\/div>\n\t\t\t\t<\/div>\n\t\t<div class=\"elementor-element elementor-element-317697e e-con-full e-flex e-con e-child\" data-id=\"317697e\" data-element_type=\"container\" data-settings=\"{&quot;content_width&quot;:&quot;full&quot;}\">\n\t\t\t\t<div class=\"elementor-element elementor-element-16ebd1a elementor-widget elementor-widget-heading\" data-id=\"16ebd1a\" data-element_type=\"widget\" data-widget_type=\"heading.default\">\n\t\t\t\t<div class=\"elementor-widget-container\">\n\t\t\t<h2 class=\"elementor-heading-title elementor-size-default\">Institucional:<\/h2>\t\t<\/div>\n\t\t\t\t<\/div>\n\t\t\t\t<div class=\"elementor-element elementor-element-2424200 elementor-widget__width-initial elementor-widget elementor-widget-text-editor\" data-id=\"2424200\" data-element_type=\"widget\" data-widget_type=\"text-editor.default\">\n\t\t\t\t<div class=\"elementor-widget-container\">\n\t\t\t\t\t\t\t<ul><li>Home<\/li><\/ul>\t\t\t\t\t\t<\/div>\n\t\t\t\t<\/div>\n\t\t\t\t<div class=\"elementor-element elementor-element-084b5f1 elementor-widget elementor-widget-text-editor\" data-id=\"084b5f1\" data-element_type=\"widget\" data-widget_type=\"text-editor.default\">\n\t\t\t\t<div class=\"elementor-widget-container\">\n\t\t\t\t\t\t\t<ul><li>Os Saberes<\/li><\/ul>\t\t\t\t\t\t<\/div>\n\t\t\t\t<\/div>\n\t\t\t\t<div class=\"elementor-element elementor-element-cbf699b elementor-widget elementor-widget-text-editor\" data-id=\"cbf699b\" data-element_type=\"widget\" data-widget_type=\"text-editor.default\">\n\t\t\t\t<div class=\"elementor-widget-container\">\n\t\t\t\t\t\t\t<ul><li>Midias<\/li><\/ul>\t\t\t\t\t\t<\/div>\n\t\t\t\t<\/div>\n\t\t\t\t<div class=\"elementor-element elementor-element-6fa5aca elementor-widget__width-inherit elementor-widget elementor-widget-text-editor\" data-id=\"6fa5aca\" data-element_type=\"widget\" data-widget_type=\"text-editor.default\">\n\t\t\t\t<div class=\"elementor-widget-container\">\n\t\t\t\t\t\t\t<ul><li>Museu Tronco<\/li><\/ul>\t\t\t\t\t\t<\/div>\n\t\t\t\t<\/div>\n\t\t\t\t<\/div>\n\t\t<div class=\"elementor-element elementor-element-5191313 e-con-full e-flex e-con e-child\" data-id=\"5191313\" data-element_type=\"container\" data-settings=\"{&quot;content_width&quot;:&quot;full&quot;}\">\n\t\t\t\t<div class=\"elementor-element elementor-element-56eb0d2 elementor-widget elementor-widget-heading\" data-id=\"56eb0d2\" data-element_type=\"widget\" data-widget_type=\"heading.default\">\n\t\t\t\t<div class=\"elementor-widget-container\">\n\t\t\t<h2 class=\"elementor-heading-title elementor-size-default\">Sobre N\u00f3s:<\/h2>\t\t<\/div>\n\t\t\t\t<\/div>\n\t\t\t\t<div class=\"elementor-element elementor-element-08d8d30 elementor-widget elementor-widget-text-editor\" data-id=\"08d8d30\" data-element_type=\"widget\" data-widget_type=\"text-editor.default\">\n\t\t\t\t<div class=\"elementor-widget-container\">\n\t\t\t\t\t\t\t<p>O projeto desenvolvido na Vila de Ponta Negra e Pium, territ\u00f3rios cultural, socialmente e historicamente ligados, visa sensibilizar a popula\u00e7\u00e3o local para a necessidade da valoriza\u00e7\u00e3o dos saberes locais.<\/p>\t\t\t\t\t\t<\/div>\n\t\t\t\t<\/div>\n\t\t\t\t<\/div>\n\t\t\t\t\t<\/div>\n\t\t\t\t<\/div>\n\t\t<div class=\"elementor-element elementor-element-e9f7453 e-flex e-con-boxed e-con e-parent\" data-id=\"e9f7453\" data-element_type=\"container\" data-settings=\"{&quot;background_background&quot;:&quot;classic&quot;,&quot;content_width&quot;:&quot;boxed&quot;}\" data-core-v316-plus=\"true\">\n\t\t\t\t\t<div class=\"e-con-inner\">\n\t\t\t\t<div class=\"elementor-element elementor-element-1ce551b elementor-widget elementor-widget-text-editor\" data-id=\"1ce551b\" data-element_type=\"widget\" data-widget_type=\"text-editor.default\">\n\t\t\t\t<div class=\"elementor-widget-container\">\n\t\t\t\t\t\t\t<p>\u00a9 2022. Projeto Saberes Sustent\u00e1veis. Todos os direitos reservados.<\/p>\t\t\t\t\t\t<\/div>\n\t\t\t\t<\/div>\n\t\t\t\t\t<\/div>\n\t\t\t\t<\/div>\n\t\t\t\t\t\t\t<\/div>\n\t\t","protected":false},"excerpt":{"rendered":"<p>Home Os Saberes M\u00eddias Museu Tronco Fonogramas Fotos Videoteca Contato: (84) 9 9123 6144 \u00a0cirsufrn@gmail.com instagram.com\/saberes_sustentaveis Institucional: Home Os Saberes Midias Museu Tronco Sobre N\u00f3s: O projeto desenvolvido na Vila de Ponta Negra e Pium, territ\u00f3rios cultural, socialmente e historicamente ligados, visa sensibilizar a popula\u00e7\u00e3o local para a necessidade da valoriza\u00e7\u00e3o dos saberes locais. \u00a9 [&hellip;]<\/p>\n","protected":false},"author":2,"featured_media":0,"parent":0,"menu_order":0,"comment_status":"closed","ping_status":"closed","template":"elementor_canvas","meta":{"footnotes":""},"_links":{"self":[{"href":"https:\/\/museutronco.cchla.ufrn.br\/index.php?rest_route=\/wp\/v2\/pages\/5588"}],"collection":[{"href":"https:\/\/museutronco.cchla.ufrn.br\/index.php?rest_route=\/wp\/v2\/pages"}],"about":[{"href":"https:\/\/museutronco.cchla.ufrn.br\/index.php?rest_route=\/wp\/v2\/types\/page"}],"author":[{"embeddable":true,"href":"https:\/\/museutronco.cchla.ufrn.br\/index.php?rest_route=\/wp\/v2\/users\/2"}],"replies":[{"embeddable":true,"href":"https:\/\/museutronco.cchla.ufrn.br\/index.php?rest_route=%2Fwp%2Fv2%2Fcomments&post=5588"}],"version-history":[{"count":172,"href":"https:\/\/museutronco.cchla.ufrn.br\/index.php?rest_route=\/wp\/v2\/pages\/5588\/revisions"}],"predecessor-version":[{"id":6731,"href":"https:\/\/museutronco.cchla.ufrn.br\/index.php?rest_route=\/wp\/v2\/pages\/5588\/revisions\/6731"}],"wp:attachment":[{"href":"https:\/\/museutronco.cchla.ufrn.br\/index.php?rest_route=%2Fwp%2Fv2%2Fmedia&parent=5588"}],"curies":[{"name":"wp","href":"https:\/\/api.w.org\/{rel}","templated":true}]}}