{"id":3860,"date":"2024-05-21T22:25:02","date_gmt":"2024-05-22T01:25:02","guid":{"rendered":"http:\/\/museutronco.cchla.ufrn.br\/?page_id=3860"},"modified":"2024-05-21T22:28:07","modified_gmt":"2024-05-22T01:28:07","slug":"currais-novos-eventos","status":"publish","type":"page","link":"https:\/\/museutronco.cchla.ufrn.br\/?page_id=3860","title":{"rendered":"Currais Novos &#8211; Eventos"},"content":{"rendered":"\t\t<div data-elementor-type=\"wp-page\" data-elementor-id=\"3860\" class=\"elementor elementor-3860\">\n\t\t\t\t\t\t\t<div class=\"elementor-element elementor-element-6ff18ea e-flex e-con-boxed e-con e-parent\" data-id=\"6ff18ea\" data-element_type=\"container\" data-settings=\"{&quot;content_width&quot;:&quot;boxed&quot;}\" data-core-v316-plus=\"true\">\n\t\t\t\t\t<div class=\"e-con-inner\">\n\t\t<div class=\"elementor-element elementor-element-eb17528 e-flex e-con-boxed e-con e-child\" data-id=\"eb17528\" data-element_type=\"container\" data-settings=\"{&quot;content_width&quot;:&quot;boxed&quot;}\">\n\t\t\t\t\t<div class=\"e-con-inner\">\n\t\t\t\t<div class=\"elementor-element elementor-element-3ccefb1 elementor-widget elementor-widget-heading\" data-id=\"3ccefb1\" data-element_type=\"widget\" data-widget_type=\"heading.default\">\n\t\t\t\t<div class=\"elementor-widget-container\">\n\t\t\t<style>\/*! elementor - v3.16.0 - 20-09-2023 *\/\n.elementor-heading-title{padding:0;margin:0;line-height:1}.elementor-widget-heading .elementor-heading-title[class*=elementor-size-]>a{color:inherit;font-size:inherit;line-height:inherit}.elementor-widget-heading .elementor-heading-title.elementor-size-small{font-size:15px}.elementor-widget-heading .elementor-heading-title.elementor-size-medium{font-size:19px}.elementor-widget-heading .elementor-heading-title.elementor-size-large{font-size:29px}.elementor-widget-heading .elementor-heading-title.elementor-size-xl{font-size:39px}.elementor-widget-heading .elementor-heading-title.elementor-size-xxl{font-size:59px}<\/style><h2 class=\"elementor-heading-title elementor-size-default\">Apresenta\u00e7\u00e3o na Escola - Semana da Consci\u00eancia Negra<\/h2>\t\t<\/div>\n\t\t\t\t<\/div>\n\t\t<div class=\"elementor-element elementor-element-84a67ff e-flex e-con-boxed e-con e-child\" data-id=\"84a67ff\" data-element_type=\"container\" data-settings=\"{&quot;content_width&quot;:&quot;boxed&quot;}\">\n\t\t\t\t\t<div class=\"e-con-inner\">\n\t\t\t\t<div class=\"elementor-element elementor-element-a42e483 elementor-widget elementor-widget-text-editor\" data-id=\"a42e483\" data-element_type=\"widget\" data-widget_type=\"text-editor.default\">\n\t\t\t\t<div class=\"elementor-widget-container\">\n\t\t\t<style>\/*! elementor - v3.16.0 - 20-09-2023 *\/\n.elementor-widget-text-editor.elementor-drop-cap-view-stacked .elementor-drop-cap{background-color:#69727d;color:#fff}.elementor-widget-text-editor.elementor-drop-cap-view-framed .elementor-drop-cap{color:#69727d;border:3px solid;background-color:transparent}.elementor-widget-text-editor:not(.elementor-drop-cap-view-default) .elementor-drop-cap{margin-top:8px}.elementor-widget-text-editor:not(.elementor-drop-cap-view-default) .elementor-drop-cap-letter{width:1em;height:1em}.elementor-widget-text-editor .elementor-drop-cap{float:left;text-align:center;line-height:1;font-size:50px}.elementor-widget-text-editor .elementor-drop-cap-letter{display:inline-block}<\/style>\t\t\t\t<p style=\"text-align: center;\">31 de Outubro de 2012<\/p>\t\t\t\t\t\t<\/div>\n\t\t\t\t<\/div>\n\t\t\t\t\t<\/div>\n\t\t\t\t<\/div>\n\t\t<div class=\"elementor-element elementor-element-a45a770 e-flex e-con-boxed e-con e-child\" data-id=\"a45a770\" data-element_type=\"container\" data-settings=\"{&quot;content_width&quot;:&quot;boxed&quot;}\">\n\t\t\t\t\t<div class=\"e-con-inner\">\n\t\t\t\t<div class=\"elementor-element elementor-element-96e8f92 elementor-widget elementor-widget-image-gallery\" data-id=\"96e8f92\" data-element_type=\"widget\" data-widget_type=\"image-gallery.default\">\n\t\t\t\t<div class=\"elementor-widget-container\">\n\t\t\t<style>\/*! elementor - v3.16.0 - 20-09-2023 *\/\n.elementor-image-gallery .gallery-item{display:inline-block;text-align:center;vertical-align:top;width:100%;max-width:100%;margin:0 auto}.elementor-image-gallery .gallery-item img{margin:0 auto}.elementor-image-gallery .gallery-item .gallery-caption{margin:0}.elementor-image-gallery figure img{display:block}.elementor-image-gallery figure figcaption{width:100%}.gallery-spacing-custom .elementor-image-gallery .gallery-icon{padding:0}@media (min-width:768px){.elementor-image-gallery .gallery-columns-2 .gallery-item{max-width:50%}.elementor-image-gallery .gallery-columns-3 .gallery-item{max-width:33.33%}.elementor-image-gallery .gallery-columns-4 .gallery-item{max-width:25%}.elementor-image-gallery .gallery-columns-5 .gallery-item{max-width:20%}.elementor-image-gallery .gallery-columns-6 .gallery-item{max-width:16.666%}.elementor-image-gallery .gallery-columns-7 .gallery-item{max-width:14.28%}.elementor-image-gallery .gallery-columns-8 .gallery-item{max-width:12.5%}.elementor-image-gallery .gallery-columns-9 .gallery-item{max-width:11.11%}.elementor-image-gallery .gallery-columns-10 .gallery-item{max-width:10%}}@media (min-width:480px) and (max-width:767px){.elementor-image-gallery .gallery.gallery-columns-2 .gallery-item,.elementor-image-gallery .gallery.gallery-columns-3 .gallery-item,.elementor-image-gallery .gallery.gallery-columns-4 .gallery-item,.elementor-image-gallery .gallery.gallery-columns-5 .gallery-item,.elementor-image-gallery .gallery.gallery-columns-6 .gallery-item,.elementor-image-gallery .gallery.gallery-columns-7 .gallery-item,.elementor-image-gallery .gallery.gallery-columns-8 .gallery-item,.elementor-image-gallery .gallery.gallery-columns-9 .gallery-item,.elementor-image-gallery .gallery.gallery-columns-10 .gallery-item{max-width:50%}}@media (max-width:479px){.elementor-image-gallery .gallery.gallery-columns-2 .gallery-item,.elementor-image-gallery .gallery.gallery-columns-3 .gallery-item,.elementor-image-gallery .gallery.gallery-columns-4 .gallery-item,.elementor-image-gallery .gallery.gallery-columns-5 .gallery-item,.elementor-image-gallery .gallery.gallery-columns-6 .gallery-item,.elementor-image-gallery .gallery.gallery-columns-7 .gallery-item,.elementor-image-gallery .gallery.gallery-columns-8 .gallery-item,.elementor-image-gallery .gallery.gallery-columns-9 .gallery-item,.elementor-image-gallery .gallery.gallery-columns-10 .gallery-item{max-width:100%}}<\/style>\t\t<div class=\"elementor-image-gallery\">\n\t\t\t<div id='gallery-1' class='gallery galleryid-3860 gallery-columns-4 gallery-size-thumbnail'><figure class='gallery-item'>\n\t\t\t<div class='gallery-icon landscape'>\n\t\t\t\t<a data-elementor-open-lightbox=\"yes\" data-elementor-lightbox-slideshow=\"96e8f92\" data-elementor-lightbox-title=\"Foto 01\" data-e-action-hash=\"#elementor-action%3Aaction%3Dlightbox%26settings%3DeyJpZCI6MjY1NiwidXJsIjoiaHR0cHM6XC9cL211c2V1dHJvbmNvLmNjaGxhLnVmcm4uYnJcL3dwLWNvbnRlbnRcL3VwbG9hZHNcLzIwMjRcLzA0XC80NDVfNTAxLmpwZyIsInNsaWRlc2hvdyI6Ijk2ZThmOTIifQ%3D%3D\" href='https:\/\/museutronco.cchla.ufrn.br\/wp-content\/uploads\/2024\/04\/445_501.jpg'><img width=\"150\" height=\"150\" src=\"https:\/\/museutronco.cchla.ufrn.br\/wp-content\/uploads\/2024\/04\/445_501-150x150.jpg\" class=\"attachment-thumbnail size-thumbnail\" alt=\"\" decoding=\"async\" loading=\"lazy\" srcset=\"https:\/\/museutronco.cchla.ufrn.br\/wp-content\/uploads\/2024\/04\/445_501-150x150.jpg 150w, https:\/\/museutronco.cchla.ufrn.br\/wp-content\/uploads\/2024\/04\/445_501-230x230.jpg 230w, https:\/\/museutronco.cchla.ufrn.br\/wp-content\/uploads\/2024\/04\/445_501-400x400.jpg 400w, https:\/\/museutronco.cchla.ufrn.br\/wp-content\/uploads\/2024\/04\/445_501-640x640.jpg 640w, https:\/\/museutronco.cchla.ufrn.br\/wp-content\/uploads\/2024\/04\/445_501-40x40.jpg 40w, https:\/\/museutronco.cchla.ufrn.br\/wp-content\/uploads\/2024\/04\/445_501-275x275.jpg 275w\" sizes=\"(max-width: 150px) 100vw, 150px\" \/><\/a>\n\t\t\t<\/div><\/figure><figure class='gallery-item'>\n\t\t\t<div class='gallery-icon landscape'>\n\t\t\t\t<a data-elementor-open-lightbox=\"yes\" data-elementor-lightbox-slideshow=\"96e8f92\" data-elementor-lightbox-title=\"Foto 02\" data-e-action-hash=\"#elementor-action%3Aaction%3Dlightbox%26settings%3DeyJpZCI6MjY1NywidXJsIjoiaHR0cHM6XC9cL211c2V1dHJvbmNvLmNjaGxhLnVmcm4uYnJcL3dwLWNvbnRlbnRcL3VwbG9hZHNcLzIwMjRcLzA0XC8xMjY1OF8xLmpwZyIsInNsaWRlc2hvdyI6Ijk2ZThmOTIifQ%3D%3D\" href='https:\/\/museutronco.cchla.ufrn.br\/wp-content\/uploads\/2024\/04\/12658_1.jpg'><img width=\"150\" height=\"150\" src=\"https:\/\/museutronco.cchla.ufrn.br\/wp-content\/uploads\/2024\/04\/12658_1-150x150.jpg\" class=\"attachment-thumbnail size-thumbnail\" alt=\"\" decoding=\"async\" loading=\"lazy\" srcset=\"https:\/\/museutronco.cchla.ufrn.br\/wp-content\/uploads\/2024\/04\/12658_1-150x150.jpg 150w, https:\/\/museutronco.cchla.ufrn.br\/wp-content\/uploads\/2024\/04\/12658_1-230x230.jpg 230w, https:\/\/museutronco.cchla.ufrn.br\/wp-content\/uploads\/2024\/04\/12658_1-400x400.jpg 400w, https:\/\/museutronco.cchla.ufrn.br\/wp-content\/uploads\/2024\/04\/12658_1-640x640.jpg 640w, https:\/\/museutronco.cchla.ufrn.br\/wp-content\/uploads\/2024\/04\/12658_1-40x40.jpg 40w, https:\/\/museutronco.cchla.ufrn.br\/wp-content\/uploads\/2024\/04\/12658_1-275x275.jpg 275w\" sizes=\"(max-width: 150px) 100vw, 150px\" \/><\/a>\n\t\t\t<\/div><\/figure><figure class='gallery-item'>\n\t\t\t<div class='gallery-icon landscape'>\n\t\t\t\t<a data-elementor-open-lightbox=\"yes\" data-elementor-lightbox-slideshow=\"96e8f92\" data-elementor-lightbox-title=\"Foto 03\" data-e-action-hash=\"#elementor-action%3Aaction%3Dlightbox%26settings%3DeyJpZCI6MjY1OCwidXJsIjoiaHR0cHM6XC9cL211c2V1dHJvbmNvLmNjaGxhLnVmcm4uYnJcL3dwLWNvbnRlbnRcL3VwbG9hZHNcLzIwMjRcLzA0XC8yMTY5NV8xLmpwZyIsInNsaWRlc2hvdyI6Ijk2ZThmOTIifQ%3D%3D\" href='https:\/\/museutronco.cchla.ufrn.br\/wp-content\/uploads\/2024\/04\/21695_1.jpg'><img width=\"150\" height=\"150\" src=\"https:\/\/museutronco.cchla.ufrn.br\/wp-content\/uploads\/2024\/04\/21695_1-150x150.jpg\" class=\"attachment-thumbnail size-thumbnail\" alt=\"\" decoding=\"async\" loading=\"lazy\" srcset=\"https:\/\/museutronco.cchla.ufrn.br\/wp-content\/uploads\/2024\/04\/21695_1-150x150.jpg 150w, https:\/\/museutronco.cchla.ufrn.br\/wp-content\/uploads\/2024\/04\/21695_1-230x230.jpg 230w, https:\/\/museutronco.cchla.ufrn.br\/wp-content\/uploads\/2024\/04\/21695_1-400x400.jpg 400w, https:\/\/museutronco.cchla.ufrn.br\/wp-content\/uploads\/2024\/04\/21695_1-640x640.jpg 640w, https:\/\/museutronco.cchla.ufrn.br\/wp-content\/uploads\/2024\/04\/21695_1-40x40.jpg 40w, https:\/\/museutronco.cchla.ufrn.br\/wp-content\/uploads\/2024\/04\/21695_1-275x275.jpg 275w\" sizes=\"(max-width: 150px) 100vw, 150px\" \/><\/a>\n\t\t\t<\/div><\/figure><figure class='gallery-item'>\n\t\t\t<div class='gallery-icon landscape'>\n\t\t\t\t<a data-elementor-open-lightbox=\"yes\" data-elementor-lightbox-slideshow=\"96e8f92\" data-elementor-lightbox-title=\"Foto 04\" data-e-action-hash=\"#elementor-action%3Aaction%3Dlightbox%26settings%3DeyJpZCI6MjY1OSwidXJsIjoiaHR0cHM6XC9cL211c2V1dHJvbmNvLmNjaGxhLnVmcm4uYnJcL3dwLWNvbnRlbnRcL3VwbG9hZHNcLzIwMjRcLzA0XC8zMDM3Ml8xLmpwZyIsInNsaWRlc2hvdyI6Ijk2ZThmOTIifQ%3D%3D\" href='https:\/\/museutronco.cchla.ufrn.br\/wp-content\/uploads\/2024\/04\/30372_1.jpg'><img width=\"150\" height=\"150\" src=\"https:\/\/museutronco.cchla.ufrn.br\/wp-content\/uploads\/2024\/04\/30372_1-150x150.jpg\" class=\"attachment-thumbnail size-thumbnail\" alt=\"\" decoding=\"async\" loading=\"lazy\" srcset=\"https:\/\/museutronco.cchla.ufrn.br\/wp-content\/uploads\/2024\/04\/30372_1-150x150.jpg 150w, https:\/\/museutronco.cchla.ufrn.br\/wp-content\/uploads\/2024\/04\/30372_1-230x230.jpg 230w, https:\/\/museutronco.cchla.ufrn.br\/wp-content\/uploads\/2024\/04\/30372_1-400x400.jpg 400w, https:\/\/museutronco.cchla.ufrn.br\/wp-content\/uploads\/2024\/04\/30372_1-640x640.jpg 640w, https:\/\/museutronco.cchla.ufrn.br\/wp-content\/uploads\/2024\/04\/30372_1-40x40.jpg 40w, https:\/\/museutronco.cchla.ufrn.br\/wp-content\/uploads\/2024\/04\/30372_1-275x275.jpg 275w\" sizes=\"(max-width: 150px) 100vw, 150px\" \/><\/a>\n\t\t\t<\/div><\/figure><figure class='gallery-item'>\n\t\t\t<div class='gallery-icon portrait'>\n\t\t\t\t<a data-elementor-open-lightbox=\"yes\" data-elementor-lightbox-slideshow=\"96e8f92\" data-elementor-lightbox-title=\"Foto 05\" data-e-action-hash=\"#elementor-action%3Aaction%3Dlightbox%26settings%3DeyJpZCI6MjY2MCwidXJsIjoiaHR0cHM6XC9cL211c2V1dHJvbmNvLmNjaGxhLnVmcm4uYnJcL3dwLWNvbnRlbnRcL3VwbG9hZHNcLzIwMjRcLzA0XC8yOTcxMDcxLmpwZyIsInNsaWRlc2hvdyI6Ijk2ZThmOTIifQ%3D%3D\" href='https:\/\/museutronco.cchla.ufrn.br\/wp-content\/uploads\/2024\/04\/2971071.jpg'><img width=\"150\" height=\"150\" src=\"https:\/\/museutronco.cchla.ufrn.br\/wp-content\/uploads\/2024\/04\/2971071-150x150.jpg\" class=\"attachment-thumbnail size-thumbnail\" alt=\"\" decoding=\"async\" loading=\"lazy\" srcset=\"https:\/\/museutronco.cchla.ufrn.br\/wp-content\/uploads\/2024\/04\/2971071-150x150.jpg 150w, https:\/\/museutronco.cchla.ufrn.br\/wp-content\/uploads\/2024\/04\/2971071-230x230.jpg 230w, https:\/\/museutronco.cchla.ufrn.br\/wp-content\/uploads\/2024\/04\/2971071-400x400.jpg 400w, https:\/\/museutronco.cchla.ufrn.br\/wp-content\/uploads\/2024\/04\/2971071-640x640.jpg 640w, https:\/\/museutronco.cchla.ufrn.br\/wp-content\/uploads\/2024\/04\/2971071-40x40.jpg 40w, https:\/\/museutronco.cchla.ufrn.br\/wp-content\/uploads\/2024\/04\/2971071-275x275.jpg 275w\" sizes=\"(max-width: 150px) 100vw, 150px\" \/><\/a>\n\t\t\t<\/div><\/figure><figure class='gallery-item'>\n\t\t\t<div class='gallery-icon landscape'>\n\t\t\t\t<a data-elementor-open-lightbox=\"yes\" data-elementor-lightbox-slideshow=\"96e8f92\" data-elementor-lightbox-title=\"Foto 06\" data-e-action-hash=\"#elementor-action%3Aaction%3Dlightbox%26settings%3DeyJpZCI6MjY2MSwidXJsIjoiaHR0cHM6XC9cL211c2V1dHJvbmNvLmNjaGxhLnVmcm4uYnJcL3dwLWNvbnRlbnRcL3VwbG9hZHNcLzIwMjRcLzA0XC80MTY5NDkxLmpwZyIsInNsaWRlc2hvdyI6Ijk2ZThmOTIifQ%3D%3D\" href='https:\/\/museutronco.cchla.ufrn.br\/wp-content\/uploads\/2024\/04\/4169491.jpg'><img width=\"150\" height=\"150\" src=\"https:\/\/museutronco.cchla.ufrn.br\/wp-content\/uploads\/2024\/04\/4169491-150x150.jpg\" class=\"attachment-thumbnail size-thumbnail\" alt=\"\" decoding=\"async\" loading=\"lazy\" srcset=\"https:\/\/museutronco.cchla.ufrn.br\/wp-content\/uploads\/2024\/04\/4169491-150x150.jpg 150w, https:\/\/museutronco.cchla.ufrn.br\/wp-content\/uploads\/2024\/04\/4169491-230x230.jpg 230w, https:\/\/museutronco.cchla.ufrn.br\/wp-content\/uploads\/2024\/04\/4169491-400x400.jpg 400w, https:\/\/museutronco.cchla.ufrn.br\/wp-content\/uploads\/2024\/04\/4169491-640x640.jpg 640w, https:\/\/museutronco.cchla.ufrn.br\/wp-content\/uploads\/2024\/04\/4169491-40x40.jpg 40w, https:\/\/museutronco.cchla.ufrn.br\/wp-content\/uploads\/2024\/04\/4169491-275x275.jpg 275w\" sizes=\"(max-width: 150px) 100vw, 150px\" \/><\/a>\n\t\t\t<\/div><\/figure><figure class='gallery-item'>\n\t\t\t<div class='gallery-icon landscape'>\n\t\t\t\t<a data-elementor-open-lightbox=\"yes\" data-elementor-lightbox-slideshow=\"96e8f92\" data-elementor-lightbox-title=\"Foto 07\" data-e-action-hash=\"#elementor-action%3Aaction%3Dlightbox%26settings%3DeyJpZCI6MjY2MiwidXJsIjoiaHR0cHM6XC9cL211c2V1dHJvbmNvLmNjaGxhLnVmcm4uYnJcL3dwLWNvbnRlbnRcL3VwbG9hZHNcLzIwMjRcLzA0XC80ODYzMzgxLmpwZyIsInNsaWRlc2hvdyI6Ijk2ZThmOTIifQ%3D%3D\" href='https:\/\/museutronco.cchla.ufrn.br\/wp-content\/uploads\/2024\/04\/4863381.jpg'><img width=\"150\" height=\"150\" src=\"https:\/\/museutronco.cchla.ufrn.br\/wp-content\/uploads\/2024\/04\/4863381-150x150.jpg\" class=\"attachment-thumbnail size-thumbnail\" alt=\"\" decoding=\"async\" loading=\"lazy\" srcset=\"https:\/\/museutronco.cchla.ufrn.br\/wp-content\/uploads\/2024\/04\/4863381-150x150.jpg 150w, https:\/\/museutronco.cchla.ufrn.br\/wp-content\/uploads\/2024\/04\/4863381-230x230.jpg 230w, https:\/\/museutronco.cchla.ufrn.br\/wp-content\/uploads\/2024\/04\/4863381-400x400.jpg 400w, https:\/\/museutronco.cchla.ufrn.br\/wp-content\/uploads\/2024\/04\/4863381-640x640.jpg 640w, https:\/\/museutronco.cchla.ufrn.br\/wp-content\/uploads\/2024\/04\/4863381-40x40.jpg 40w, https:\/\/museutronco.cchla.ufrn.br\/wp-content\/uploads\/2024\/04\/4863381-275x275.jpg 275w\" sizes=\"(max-width: 150px) 100vw, 150px\" \/><\/a>\n\t\t\t<\/div><\/figure><figure class='gallery-item'>\n\t\t\t<div class='gallery-icon landscape'>\n\t\t\t\t<a data-elementor-open-lightbox=\"yes\" data-elementor-lightbox-slideshow=\"96e8f92\" data-elementor-lightbox-title=\"Foto 08\" data-e-action-hash=\"#elementor-action%3Aaction%3Dlightbox%26settings%3DeyJpZCI6MjY2MywidXJsIjoiaHR0cHM6XC9cL211c2V1dHJvbmNvLmNjaGxhLnVmcm4uYnJcL3dwLWNvbnRlbnRcL3VwbG9hZHNcLzIwMjRcLzA0XC9DVVJSQUkxLmpwZyIsInNsaWRlc2hvdyI6Ijk2ZThmOTIifQ%3D%3D\" href='https:\/\/museutronco.cchla.ufrn.br\/wp-content\/uploads\/2024\/04\/CURRAI1.jpg'><img width=\"150\" height=\"150\" src=\"https:\/\/museutronco.cchla.ufrn.br\/wp-content\/uploads\/2024\/04\/CURRAI1-150x150.jpg\" class=\"attachment-thumbnail size-thumbnail\" alt=\"\" decoding=\"async\" loading=\"lazy\" srcset=\"https:\/\/museutronco.cchla.ufrn.br\/wp-content\/uploads\/2024\/04\/CURRAI1-150x150.jpg 150w, https:\/\/museutronco.cchla.ufrn.br\/wp-content\/uploads\/2024\/04\/CURRAI1-230x230.jpg 230w, https:\/\/museutronco.cchla.ufrn.br\/wp-content\/uploads\/2024\/04\/CURRAI1-400x400.jpg 400w, https:\/\/museutronco.cchla.ufrn.br\/wp-content\/uploads\/2024\/04\/CURRAI1-640x640.jpg 640w, https:\/\/museutronco.cchla.ufrn.br\/wp-content\/uploads\/2024\/04\/CURRAI1-40x40.jpg 40w, https:\/\/museutronco.cchla.ufrn.br\/wp-content\/uploads\/2024\/04\/CURRAI1-275x275.jpg 275w\" sizes=\"(max-width: 150px) 100vw, 150px\" \/><\/a>\n\t\t\t<\/div><\/figure>\n\t\t<\/div>\n\t\t<\/div>\n\t\t\t\t<\/div>\n\t\t\t\t<\/div>\n\t\t\t\t\t<\/div>\n\t\t\t\t<\/div>\n\t\t\t\t\t<\/div>\n\t\t\t\t<\/div>\n\t\t\t\t\t<\/div>\n\t\t\t\t<\/div>\n\t\t\t\t\t\t\t<\/div>\n\t\t","protected":false},"excerpt":{"rendered":"<p>Apresenta\u00e7\u00e3o na Escola &#8211; Semana da Consci\u00eancia Negra 31 de Outubro de 2012<\/p>\n","protected":false},"author":2,"featured_media":0,"parent":0,"menu_order":0,"comment_status":"closed","ping_status":"closed","template":"","meta":{"footnotes":""},"_links":{"self":[{"href":"https:\/\/museutronco.cchla.ufrn.br\/index.php?rest_route=\/wp\/v2\/pages\/3860"}],"collection":[{"href":"https:\/\/museutronco.cchla.ufrn.br\/index.php?rest_route=\/wp\/v2\/pages"}],"about":[{"href":"https:\/\/museutronco.cchla.ufrn.br\/index.php?rest_route=\/wp\/v2\/types\/page"}],"author":[{"embeddable":true,"href":"https:\/\/museutronco.cchla.ufrn.br\/index.php?rest_route=\/wp\/v2\/users\/2"}],"replies":[{"embeddable":true,"href":"https:\/\/museutronco.cchla.ufrn.br\/index.php?rest_route=%2Fwp%2Fv2%2Fcomments&post=3860"}],"version-history":[{"count":5,"href":"https:\/\/museutronco.cchla.ufrn.br\/index.php?rest_route=\/wp\/v2\/pages\/3860\/revisions"}],"predecessor-version":[{"id":3869,"href":"https:\/\/museutronco.cchla.ufrn.br\/index.php?rest_route=\/wp\/v2\/pages\/3860\/revisions\/3869"}],"wp:attachment":[{"href":"https:\/\/museutronco.cchla.ufrn.br\/index.php?rest_route=%2Fwp%2Fv2%2Fmedia&parent=3860"}],"curies":[{"name":"wp","href":"https:\/\/api.w.org\/{rel}","templated":true}]}}