{"id":1840,"date":"2023-11-13T13:41:59","date_gmt":"2023-11-13T16:41:59","guid":{"rendered":"http:\/\/museutronco.cchla.ufrn.br\/?page_id=1840"},"modified":"2024-12-12T11:55:46","modified_gmt":"2024-12-12T14:55:46","slug":"videos-de-sao-vicente-2","status":"publish","type":"page","link":"https:\/\/museutronco.cchla.ufrn.br\/?page_id=1840","title":{"rendered":"V\u00eddeos de S\u00e3o Vicente"},"content":{"rendered":"\t\t<div data-elementor-type=\"wp-page\" data-elementor-id=\"1840\" class=\"elementor elementor-1840\">\n\t\t\t\t\t\t\t<div class=\"elementor-element elementor-element-18796ed e-flex e-con-boxed e-con e-parent\" data-id=\"18796ed\" data-element_type=\"container\" data-settings=\"{&quot;content_width&quot;:&quot;boxed&quot;}\" data-core-v316-plus=\"true\">\n\t\t\t\t\t<div class=\"e-con-inner\">\n\t\t<div class=\"elementor-element elementor-element-6ad7690 e-con-full e-flex e-con e-child\" data-id=\"6ad7690\" data-element_type=\"container\" data-settings=\"{&quot;content_width&quot;:&quot;full&quot;}\">\n\t\t\t\t<div class=\"elementor-element elementor-element-837dd5e elementor-widget elementor-widget-video\" data-id=\"837dd5e\" data-element_type=\"widget\" data-settings=\"{&quot;youtube_url&quot;:&quot;https:\\\/\\\/www.youtube.com\\\/watch?v=reVGQABDzuQ&quot;,&quot;video_type&quot;:&quot;youtube&quot;,&quot;controls&quot;:&quot;yes&quot;}\" data-widget_type=\"video.default\">\n\t\t\t\t<div class=\"elementor-widget-container\">\n\t\t\t<style>\/*! elementor - v3.16.0 - 20-09-2023 *\/\n.elementor-widget-video .elementor-widget-container{overflow:hidden;transform:translateZ(0)}.elementor-widget-video .elementor-wrapper{aspect-ratio:var(--video-aspect-ratio)}.elementor-widget-video .elementor-wrapper iframe,.elementor-widget-video .elementor-wrapper video{height:100%;width:100%;display:flex;border:none;background-color:#000}@supports not (aspect-ratio:1\/1){.elementor-widget-video .elementor-wrapper{position:relative;overflow:hidden;height:0;padding-bottom:calc(100% \/ var(--video-aspect-ratio))}.elementor-widget-video .elementor-wrapper iframe,.elementor-widget-video .elementor-wrapper video{position:absolute;top:0;right:0;bottom:0;left:0}}.elementor-widget-video .elementor-open-inline .elementor-custom-embed-image-overlay{position:absolute;top:0;right:0;bottom:0;left:0;background-size:cover;background-position:50%}.elementor-widget-video .elementor-custom-embed-image-overlay{cursor:pointer;text-align:center}.elementor-widget-video .elementor-custom-embed-image-overlay:hover .elementor-custom-embed-play i{opacity:1}.elementor-widget-video .elementor-custom-embed-image-overlay img{display:block;width:100%;aspect-ratio:var(--video-aspect-ratio);-o-object-fit:cover;object-fit:cover;-o-object-position:center center;object-position:center center}@supports not (aspect-ratio:1\/1){.elementor-widget-video .elementor-custom-embed-image-overlay{position:relative;overflow:hidden;height:0;padding-bottom:calc(100% \/ var(--video-aspect-ratio))}.elementor-widget-video .elementor-custom-embed-image-overlay img{position:absolute;top:0;right:0;bottom:0;left:0}}.elementor-widget-video .e-hosted-video .elementor-video{-o-object-fit:cover;object-fit:cover}.e-con-inner>.elementor-widget-video,.e-con>.elementor-widget-video{width:var(--container-widget-width);--flex-grow:var(--container-widget-flex-grow)}<\/style>\t\t<div class=\"elementor-wrapper elementor-open-inline\">\n\t\t\t<div class=\"elementor-video\"><\/div>\t\t<\/div>\n\t\t\t\t<\/div>\n\t\t\t\t<\/div>\n\t\t\t\t<\/div>\n\t\t<div class=\"elementor-element elementor-element-3b3b7fa e-con-full e-flex e-con e-child\" data-id=\"3b3b7fa\" data-element_type=\"container\" data-settings=\"{&quot;content_width&quot;:&quot;full&quot;}\">\n\t\t\t\t<div class=\"elementor-element elementor-element-7591df9 elementor-widget elementor-widget-text-editor\" data-id=\"7591df9\" data-element_type=\"widget\" data-widget_type=\"text-editor.default\">\n\t\t\t\t<div class=\"elementor-widget-container\">\n\t\t\t<style>\/*! elementor - v3.16.0 - 20-09-2023 *\/\n.elementor-widget-text-editor.elementor-drop-cap-view-stacked .elementor-drop-cap{background-color:#69727d;color:#fff}.elementor-widget-text-editor.elementor-drop-cap-view-framed .elementor-drop-cap{color:#69727d;border:3px solid;background-color:transparent}.elementor-widget-text-editor:not(.elementor-drop-cap-view-default) .elementor-drop-cap{margin-top:8px}.elementor-widget-text-editor:not(.elementor-drop-cap-view-default) .elementor-drop-cap-letter{width:1em;height:1em}.elementor-widget-text-editor .elementor-drop-cap{float:left;text-align:center;line-height:1;font-size:50px}.elementor-widget-text-editor .elementor-drop-cap-letter{display:inline-block}<\/style>\t\t\t\t<p class=\"p1\"><b>Luiza e a presen\u00e7a ind\u00edgena: hist\u00f3ria e mem\u00f3ria na Serra de Santana. <br \/><\/b><br \/>A evoca\u00e7\u00e3o da \u00edndia Luiza aparece, junto com a Quixabeira, na hist\u00f3ria de S\u00e3o Vicente contada por seus habitantes. A figura da \u00edndia lembra a presen\u00e7a ind\u00edgena e se desdobra em v\u00e1rias Lu\u00edzas que ocupam o territ\u00f3rio do munic\u00edpio atual. Seu nome ecoa na serra de Santana.<span class=\"Apple-converted-space\">\u00a0 <\/span>A exposi\u00e7\u00e3o prop\u00f5e uma releitura dessas mem\u00f3rias e das marcas da presen\u00e7a ind\u00edgena na paisagem, com os s\u00edtios arqueol\u00f3gicos e os nomes que s\u00e3o dados aos lugares. Lu\u00edza encarna a resist\u00eancia dos povos ind\u00edgenas, vivos nas mem\u00f3rias dos seus descendentes, que lutaram para defender seus territ\u00f3rios. \u00c9 um convite para revisitar o passado de S\u00e3o Vicente. Somos todos Luiza!<\/p>\t\t\t\t\t\t<\/div>\n\t\t\t\t<\/div>\n\t\t\t\t<\/div>\n\t\t\t\t\t<\/div>\n\t\t\t\t<\/div>\n\t\t<div class=\"elementor-element elementor-element-39b2876 e-flex e-con-boxed e-con e-parent\" data-id=\"39b2876\" data-element_type=\"container\" data-settings=\"{&quot;content_width&quot;:&quot;boxed&quot;}\" data-core-v316-plus=\"true\">\n\t\t\t\t\t<div class=\"e-con-inner\">\n\t\t<div class=\"elementor-element elementor-element-71dfc16 e-con-full e-flex e-con e-child\" data-id=\"71dfc16\" data-element_type=\"container\" data-settings=\"{&quot;content_width&quot;:&quot;full&quot;}\">\n\t\t\t\t<div class=\"elementor-element elementor-element-3fa38ce elementor-widget elementor-widget-video\" data-id=\"3fa38ce\" data-element_type=\"widget\" data-settings=\"{&quot;youtube_url&quot;:&quot;https:\\\/\\\/www.youtube.com\\\/watch?v=W2XyRqe5tkc&quot;,&quot;video_type&quot;:&quot;youtube&quot;,&quot;controls&quot;:&quot;yes&quot;}\" data-widget_type=\"video.default\">\n\t\t\t\t<div class=\"elementor-widget-container\">\n\t\t\t\t\t<div class=\"elementor-wrapper elementor-open-inline\">\n\t\t\t<div class=\"elementor-video\"><\/div>\t\t<\/div>\n\t\t\t\t<\/div>\n\t\t\t\t<\/div>\n\t\t\t\t<\/div>\n\t\t<div class=\"elementor-element elementor-element-1bbedea e-con-full e-flex e-con e-child\" data-id=\"1bbedea\" data-element_type=\"container\" data-settings=\"{&quot;content_width&quot;:&quot;full&quot;}\">\n\t\t\t\t<div class=\"elementor-element elementor-element-0c16925 elementor-widget elementor-widget-text-editor\" data-id=\"0c16925\" data-element_type=\"widget\" data-widget_type=\"text-editor.default\">\n\t\t\t\t<div class=\"elementor-widget-container\">\n\t\t\t\t\t\t\t<p class=\"p1\"><b>Patrim\u00f4nio Alimentar Ind\u00edgena no Serid\u00f3<br \/><\/b><\/p><p>O Museu Hist\u00f3rico de S\u00e3o Vicente-RN apresenta um document\u00e1rio cativante que acompanha de perto saberes sobre o patrim\u00f4nio alimentar ind\u00edgena no Serid\u00f3. Esta iniciativa cuidadosamente elaborada tem como objetivo principal promover a valoriza\u00e7\u00e3o dos conhecimentos tradicionais ligados \u00e0 alimenta\u00e7\u00e3o e aos produtos locais. Ao explorar a conex\u00e3o entre o que consumimos diariamente e nossa hist\u00f3ria, a exposi\u00e7\u00e3o oferece uma experi\u00eancia enriquecedora. O document\u00e1rio, dispon\u00edvel para visualiza\u00e7\u00e3o, complementa a exposi\u00e7\u00e3o, proporcionando uma narrativa visual envolvente que destaca a import\u00e2ncia cultural e hist\u00f3rica intr\u00ednseca \u00e0 culin\u00e1ria local. Ao assistir ao document\u00e1rio, os espectadores t\u00eam a oportunidade n\u00e3o apenas de apreciar a riqueza do patrim\u00f4nio alimentar ind\u00edgena, mas tamb\u00e9m de refletir sobre a relev\u00e2ncia desses conhecimentos na preserva\u00e7\u00e3o e celebra\u00e7\u00e3o da identidade cultural da regi\u00e3o do Serid\u00f3.<\/p><p><em>Edi\u00e7\u00e3o: Gil Leal<\/em><\/p>\t\t\t\t\t\t<\/div>\n\t\t\t\t<\/div>\n\t\t\t\t<\/div>\n\t\t\t\t\t<\/div>\n\t\t\t\t<\/div>\n\t\t\t\t\t\t\t<\/div>\n\t\t","protected":false},"excerpt":{"rendered":"<p>https:\/\/www.youtube.com\/watch?v=reVGQABDzuQ Luiza e a presen\u00e7a ind\u00edgena: hist\u00f3ria e mem\u00f3ria na Serra de Santana. A evoca\u00e7\u00e3o da \u00edndia Luiza aparece, junto com a Quixabeira, na hist\u00f3ria de S\u00e3o Vicente contada por seus habitantes. A figura da \u00edndia lembra a presen\u00e7a ind\u00edgena e se desdobra em v\u00e1rias Lu\u00edzas que ocupam o territ\u00f3rio do munic\u00edpio atual. Seu nome [&hellip;]<\/p>\n","protected":false},"author":2,"featured_media":0,"parent":0,"menu_order":0,"comment_status":"closed","ping_status":"closed","template":"","meta":{"footnotes":""},"_links":{"self":[{"href":"https:\/\/museutronco.cchla.ufrn.br\/index.php?rest_route=\/wp\/v2\/pages\/1840"}],"collection":[{"href":"https:\/\/museutronco.cchla.ufrn.br\/index.php?rest_route=\/wp\/v2\/pages"}],"about":[{"href":"https:\/\/museutronco.cchla.ufrn.br\/index.php?rest_route=\/wp\/v2\/types\/page"}],"author":[{"embeddable":true,"href":"https:\/\/museutronco.cchla.ufrn.br\/index.php?rest_route=\/wp\/v2\/users\/2"}],"replies":[{"embeddable":true,"href":"https:\/\/museutronco.cchla.ufrn.br\/index.php?rest_route=%2Fwp%2Fv2%2Fcomments&post=1840"}],"version-history":[{"count":13,"href":"https:\/\/museutronco.cchla.ufrn.br\/index.php?rest_route=\/wp\/v2\/pages\/1840\/revisions"}],"predecessor-version":[{"id":4333,"href":"https:\/\/museutronco.cchla.ufrn.br\/index.php?rest_route=\/wp\/v2\/pages\/1840\/revisions\/4333"}],"wp:attachment":[{"href":"https:\/\/museutronco.cchla.ufrn.br\/index.php?rest_route=%2Fwp%2Fv2%2Fmedia&parent=1840"}],"curies":[{"name":"wp","href":"https:\/\/api.w.org\/{rel}","templated":true}]}}